{"id":989,"date":"2017-12-09T12:50:46","date_gmt":"2017-12-09T12:50:46","guid":{"rendered":"https:\/\/gkp.org.rs\/?page_id=989"},"modified":"2017-12-11T10:21:18","modified_gmt":"2017-12-11T10:21:18","slug":"francais","status":"publish","type":"page","link":"https:\/\/gkp.org.rs\/fr\/francais\/","title":{"rendered":"Francais"},"content":{"rendered":"<p class=\"western\" lang=\"sr-RS\" style=\"text-align: justify;\" align=\"left\"><span style=\"color: #000000;\"><span style=\"font-size: medium;\"><b>Group pour la Politique Conceptuelle (GPC)<\/b><\/span><\/span><span style=\"color: #000000;\"><span style=\"font-size: medium;\"> est n\u00e9e de ce que nous pourrions appeler <\/span><\/span><span style=\"color: #000000;\"><span style=\"font-size: medium;\"><i>le conflit \u00e0 la gauche de notre temps<\/i><\/span><\/span><span style=\"color: #000000;\"><span style=\"font-size: medium;\"> (2011), \u00e0 Novi Sad, Serbie. GPC est un groupe qui est impliqu\u00e9 dans la politique du c\u00f4t\u00e9 des gens, de la th\u00e9orie et de l&rsquo;art. Il a lanc\u00e9 un projet intitul\u00e9 \u00abPolitiques locales et autogestion urbaine\u00bb dans le cadre duquel il travaille avec les populations pour r\u00e9soudre les probl\u00e8mes de logement, le gouvernement locale et la participation directe des gens aux processus d\u00e9cisionnels locaux. Depuis sa fondation, le groupe a collabor\u00e9 avec kuda.org sur de nombreux projets et coentreprises. Parmi eux, un projet de traduction et d&rsquo;\u00e9dition, important pour l&rsquo;opinion et la performance du GPC, qui a traduit et publi\u00e9 plusieurs titres de la langue fran\u00e7aise vers la langue serbo-croate: <\/span><\/span><span style=\"color: #000000;\"><span style=\"font-size: medium;\"><i>Anthropologie du Nom<\/i><\/span><\/span><span style=\"color: #000000;\"><span style=\"font-size: medium;\"> par Sylvain Lazarus et <\/span><\/span><span style=\"color: #000000;\"><span style=\"font-size: medium;\"><i>Th\u00e9orie du Sujet <\/i><\/span><\/span><span style=\"color: #000000;\"><span style=\"font-size: medium;\">par Alain Badiou. Il est actuellement en train de traduire <\/span><\/span><span style=\"color: #000000;\"><span style=\"font-size: medium;\"><i>Cartographies schizoanalytiques<\/i><\/span><\/span><span style=\"color: #000000;\"><span style=\"font-size: medium;\"> par F\u00e9lix Guattari, qui devrait \u00eatre publi\u00e9 en 2018.<\/span><\/span><\/p>\n<p lang=\"sr-RS\" style=\"text-align: center;\" align=\"left\"><img loading=\"lazy\" decoding=\"async\" class=\"aligncenter size-full wp-image-1298\" src=\"https:\/\/gkp.org.rs\/wp-content\/uploads\/2017\/12\/GKPtabla.jpg\" alt=\"\" width=\"851\" height=\"534\" srcset=\"https:\/\/gkp.org.rs\/wp-content\/uploads\/2017\/12\/GKPtabla.jpg 851w, https:\/\/gkp.org.rs\/wp-content\/uploads\/2017\/12\/GKPtabla-300x188.jpg 300w, https:\/\/gkp.org.rs\/wp-content\/uploads\/2017\/12\/GKPtabla-768x482.jpg 768w\" sizes=\"(max-width: 851px) 100vw, 851px\" \/><\/p>\n<p lang=\"sr-RS\" style=\"text-align: center;\" align=\"left\"><img loading=\"lazy\" decoding=\"async\" class=\"aligncenter size-large wp-image-1296\" src=\"https:\/\/gkp.org.rs\/wp-content\/uploads\/2017\/12\/GKPmapa-1-1024x378.jpg\" alt=\"\" width=\"900\" height=\"332\" srcset=\"https:\/\/gkp.org.rs\/wp-content\/uploads\/2017\/12\/GKPmapa-1-1024x378.jpg 1024w, https:\/\/gkp.org.rs\/wp-content\/uploads\/2017\/12\/GKPmapa-1-300x111.jpg 300w, https:\/\/gkp.org.rs\/wp-content\/uploads\/2017\/12\/GKPmapa-1-768x284.jpg 768w, https:\/\/gkp.org.rs\/wp-content\/uploads\/2017\/12\/GKPmapa-1.jpg 1000w\" sizes=\"(max-width: 900px) 100vw, 900px\" \/><\/p>\n<p class=\"western\" lang=\"sr-RS\" style=\"text-align: center;\" align=\"left\"><span style=\"font-size: medium;\"><b>Group pour la Politique Conceptuelle<\/b><\/span><\/p>\n<p class=\"western\" lang=\"sr-RS\" style=\"text-align: center;\" align=\"left\"><span style=\"font-size: medium;\">Pariske komune 42<\/span><\/p>\n<p class=\"western\" lang=\"sr-RS\" style=\"text-align: center;\" align=\"left\"><span style=\"font-size: medium;\">Novi Sad, Serbia<\/span><\/p>\n<p class=\"western\" lang=\"sr-RS\" style=\"text-align: center;\" align=\"left\"><span style=\"font-size: medium;\">tel. +381 (0)21 6333 013<\/span><\/p>\n<p class=\"western\" lang=\"sr-RS\" style=\"text-align: center;\" align=\"left\"><span style=\"font-size: medium;\">e-mail: konceptualnapolitika(at)gmail.com<\/span><\/p>\n","protected":false},"excerpt":{"rendered":"<p>Group pour la Politique Conceptuelle (GPC) est n\u00e9e de ce que nous pourrions appeler le conflit \u00e0 la gauche de notre temps (2011), \u00e0 Novi Sad, Serbie. GPC est un groupe qui est impliqu\u00e9 dans la politique du c\u00f4t\u00e9 des [&hellip;]<\/p>\n","protected":false},"author":1,"featured_media":0,"parent":0,"menu_order":0,"comment_status":"closed","ping_status":"closed","template":"full-width.php","meta":{"footnotes":""},"jetpack_sharing_enabled":true,"_links":{"self":[{"href":"https:\/\/gkp.org.rs\/fr\/wp-json\/wp\/v2\/pages\/989"}],"collection":[{"href":"https:\/\/gkp.org.rs\/fr\/wp-json\/wp\/v2\/pages"}],"about":[{"href":"https:\/\/gkp.org.rs\/fr\/wp-json\/wp\/v2\/types\/page"}],"author":[{"embeddable":true,"href":"https:\/\/gkp.org.rs\/fr\/wp-json\/wp\/v2\/users\/1"}],"replies":[{"embeddable":true,"href":"https:\/\/gkp.org.rs\/fr\/wp-json\/wp\/v2\/comments?post=989"}],"version-history":[{"count":0,"href":"https:\/\/gkp.org.rs\/fr\/wp-json\/wp\/v2\/pages\/989\/revisions"}],"wp:attachment":[{"href":"https:\/\/gkp.org.rs\/fr\/wp-json\/wp\/v2\/media?parent=989"}],"curies":[{"name":"wp","href":"https:\/\/api.w.org\/{rel}","templated":true}]}}