{"id":813,"date":"2017-12-04T23:35:59","date_gmt":"2017-12-04T23:35:59","guid":{"rendered":"https:\/\/gkp.org.rs\/?page_id=813"},"modified":"2024-08-23T10:53:45","modified_gmt":"2024-08-23T10:53:45","slug":"o-nama","status":"publish","type":"page","link":"https:\/\/gkp.org.rs\/fr\/o-nama\/","title":{"rendered":"O nama"},"content":{"rendered":"<p align=\"JUSTIFY\"><span style=\"font-family: Arial, sans-serif;\"><span style=\"font-size: medium;\"><span style=\"color: #000000;\"><span lang=\"sh-YU\"><b>Grupa za konceptualnu politiku<\/b><\/span><\/span><span style=\"color: #000000;\"><span lang=\"sh-YU\"> (GKP) iz Novog Sada je nevladino udru\u017eenje osnovano radi ostvarivanja interesa u oblasti razvoja samoupravljanja, demokratije i <\/span><\/span><span style=\"color: #000000;\"><span lang=\"sh-YU\"><i>nove politike udru\u017eenja gra\u0111ana<\/i><\/span><\/span><span style=\"color: #000000;\"><span lang=\"sh-YU\"> u Srbiji i \u0161ire. GKP nastoji da aktuelizuje politiku <\/span><\/span><span style=\"color: #000000;\"><span lang=\"sh-YU\"><i><b>samoupravljanja<\/b><\/i><\/span><\/span><span style=\"color: #000000;\"><span lang=\"sh-YU\"> u smislu ohrabrenja gra\u0111ana na autonomno politi\u010dko samoorganizovanje i na neposredno u\u010de\u0161\u0107e u upravljanju i odlu\u010divanju u stvarima od zajedni\u010dkog i javnog interesa u lokalnim zajednicama. Ovi procesi uklju\u010duju komunikaciju sa institucijama lokalne uprave i jedan od najzna\u010dajnijih ciljeva GKP-a je organizovan rad na revitalizaciji <\/span><\/span><span style=\"color: #000000;\"><span lang=\"sh-YU\"><b>mesnih zajednica<\/b><\/span><\/span><span style=\"color: #000000;\"><span lang=\"sh-YU\"> u Novom Sadu, kao najvi\u0161ih oblika uprave u lokalnim zajednicama u Novom Sadu, utoliko pre jer je Novi Sad potpuno centralizovan grad koji ima svega dve op\u0161tine, i kao takav je najve\u0107a op\u0161tina u Evropi. Pored odr\u017eavanja mno\u0161tva tribina, predavanja, diskusija i \u201eJavnih skup\u0161tina stanara\u201c sa gra\u0111anima u mesnim zajednicama u Novom Sadu, GKP je sa kom\u0161ijama u vi\u0161e navrata organizovao <\/span><\/span><span style=\"color: #000000;\"><span lang=\"sh-YU\"><i><b>zborove gra\u0111ana<\/b><\/i><\/span><\/span><span style=\"color: #000000;\"><span lang=\"sh-YU\"><i> \u2013 institucije neposrednog u\u010destvovanja gra\u0111ana u radu mesne i lokalne zajednice<\/i><\/span><\/span><span style=\"color: #000000;\"><span lang=\"sh-YU\"> \u2013 kojim je re\u0161eno vi\u0161e pojedina\u010dnih problema sa kojima se gra\u0111ani susre\u0107u. Tako se GKP zala\u017ee za ohrabrenje gra\u0111ana da pokre\u0107u zakonima propisane instrumente njihovog neposrednog u\u010de\u0161\u0107a u organima lokalne samouprave, kakvi su narodne inicijative i zborovi gra\u0111ana. U ovom trenutku, GKP se sa gra\u0111anima bori za uspostavljanje principa otvorenosti mesnih zajednica u Novom Sadu, jer je slobodno u\u010de\u0161\u0107e gra\u0111ana i inicijativa u njima zaustavljeno partijskom uzurpacijom ovih institucija lokalne samouprave.<\/span><\/span><\/span><\/span><\/p>\n<p lang=\"sr-RS\" style=\"text-align: center;\" align=\"left\"><img loading=\"lazy\" decoding=\"async\" class=\"aligncenter size-full wp-image-1298\" src=\"https:\/\/gkp.org.rs\/wp-content\/uploads\/2017\/12\/GKPtabla.jpg\" alt=\"\" width=\"851\" height=\"534\" srcset=\"https:\/\/gkp.org.rs\/wp-content\/uploads\/2017\/12\/GKPtabla.jpg 851w, https:\/\/gkp.org.rs\/wp-content\/uploads\/2017\/12\/GKPtabla-300x188.jpg 300w, https:\/\/gkp.org.rs\/wp-content\/uploads\/2017\/12\/GKPtabla-768x482.jpg 768w\" sizes=\"(max-width: 851px) 100vw, 851px\" \/><\/p>\n<p align=\"JUSTIFY\"><span style=\"font-family: Arial, sans-serif;\"><span style=\"font-size: medium;\"><span style=\"color: #000000;\"><span lang=\"sh-YU\">GKP su 2011. godine osnovali lokalni aktivisti u Novom Sadu koji su u tom trenutku bili i predsednici skup\u0161tina stanara u zgradama u kojima \u017eive. <\/span><\/span><span style=\"color: #000000;\"><span lang=\"\">P<\/span><\/span><span style=\"color: #000000;\"><span lang=\"sh-YU\">roblem odr\u017eavanja zgrada i opstanka stambenog fonda, tj. politike stanovanja, <\/span><\/span><span style=\"color: #000000;\"><span lang=\"\">tada je<\/span><\/span><span style=\"color: #000000;\"><span lang=\"sh-YU\"> formulisan slede\u0107om krilaticom: <\/span><\/span><span style=\"color: #000000;\"><span lang=\"sh-YU\"><i><b>u poslednjih dvadeset godina smo ostali bez posla, a u narednih dvadeset \u0107emo ostati bez krova nad glavom<\/b><\/i><\/span><\/span><span style=\"color: #000000;\"><span lang=\"sh-YU\"><b>!<\/b><\/span><\/span><span style=\"color: #000000;\"><span lang=\"sh-YU\"> Od 2013. godine se rad GKP-a na pitanju povezivanja i organizovanja stanara i njihovih skup\u0161tina odvija projektno, kroz projekat koji nosi naziv \u201eLokalne politike i urbana samouprava\u201c. U okviru njega GKP je organizovao preko pedeset javnih doga\u0111aja i diskusija sa stanarima i gra\u0111anima, zapo\u010deo sa razvojem <\/span><\/span><span style=\"color: #000000;\"><span lang=\"sh-YU\"><i>Inicijative za udru\u017eivanje skup\u0161tina stanara u Novom Sadu<\/i><\/span><\/span><span style=\"color: #000000;\"><span lang=\"sh-YU\">, i objavio 6 brojeva <\/span><\/span><span style=\"color: #000000;\"><span lang=\"sh-YU\"><b>biltena STANAR<\/b><\/span><\/span><span style=\"color: #000000;\"><span lang=\"sh-YU\"> u tira\u017eu od 120.000 besplatnih primeraka. <\/span><\/span><span style=\"color: #000000;\"><span lang=\"sh-YU\"><i>Mesni forum<\/i><\/span><\/span><span style=\"color: #000000;\"><span lang=\"sh-YU\"> je stalno mesto susreta i konsultacija sa gra\u0111anima u prostorijama GKP-a u Novom Sadu, gde se na zajedni\u010dkim osnovama radi <\/span><\/span><span style=\"color: #000000;\"><span lang=\"zxx\">na artikulaciji zahteva i problema sa kojima se gra\u0111ani i udru\u017eenja suo\u010davaju, i sada \u0107e biti usmerene na problem mesnih zajednica i prava u\u010destvovanja u njihovom radu. Novi Zakon o stanovanju (2016) zna\u010dajno je izmenio uslove u kojima je za stanare mogu\u0107e odr\u017eavanje njihovih zgrada, i GKP radi na osna\u017eivanju stanara i (ne-)profesionalnih upravnika stambenih zajednica kako bi pobolj\u0161ali uslove u kojima deluju. <\/span><\/span><span style=\"color: #000000;\"><span lang=\"sh-YU\">Z<\/span><\/span><span style=\"color: #000000;\"><span lang=\"zxx\">bog zatvorenih mesnih zajednica, jedino mesto za okupljanje gra\u0111ana i generisanje lokalnih akcija u ovom trenutku predstavljaju Mesni forumi. <\/span><\/span><\/span><\/span><\/p>\n<p align=\"JUSTIFY\"><span style=\"font-family: Arial, sans-serif;\"><span style=\"font-size: medium;\"><span style=\"color: #000000;\"><span lang=\"sh-RS\">U vremenu koje GKP defini\u0161e kao <\/span><\/span><span style=\"color: #000000;\"><span lang=\"sh-RS\"><i>permanentnu izbornu kampanju<\/i><\/span><\/span><span style=\"color: #000000;\"><span lang=\"sh-RS\"> i kao svo\u0111enje politike ljudi na izbornu politiku i politike udru\u017eenih gra\u0111ana na reprezentativnu i parlamentarnu politiku, od izuzetne va\u017enosti je boriti se za prostor za <\/span><\/span><span style=\"color: #000000;\"><span lang=\"sh-RS\"><i>permanentnu politiku i aktivizam gra\u0111ana i njihovih udru\u017eenja<\/i><\/span><\/span><span style=\"color: #000000;\"><span lang=\"sh-RS\">, koje za GKP uklju\u010duje i ostvarenje prava gra\u0111ana da neposredno u\u010destvuju u upravljanju javnim politikama od zajedni\u010dkog interesa<\/span><\/span><span style=\"color: #000000;\"><span lang=\"sh-RS\"><i>. <\/i><\/span><\/span><span style=\"color: #000000;\"><span lang=\"sh-RS\">U tome se sastoji rad GKP-a na novoj politici udru\u017eenja gra\u0111ana, koja predstavlja autonomno politi\u010dko organizovanje gra\u0111ana <\/span><\/span><span style=\"color: #000000;\"><span lang=\"sh-RS\"><i>na distanci od dr\u017eave<\/i><\/span><\/span><span style=\"color: #000000;\"><span lang=\"sh-RS\">, \u0161to pre svega zna\u010di da su u pitanju udru\u017eenja gra\u0111ana koje dr\u017eava nije osnovala niti njima upravlja, <\/span><\/span><span style=\"color: #000000;\"><span lang=\"\">ali<\/span><\/span><span style=\"color: #000000;\"><span lang=\"sh-RS\"> i stalnu borbu za politi\u010dko artikulisanje autenti\u010dnih potreba ljudi i njihovih udru\u017eenja. GKP je tako\u0111e \u010dlanica <\/span><\/span><span style=\"color: #000000;\"><span lang=\"sh-RS\"><i>Asocijacije Nezavisna kulturna scena Srbije<\/i><\/span><\/span><span style=\"color: #000000;\"><span lang=\"sh-RS\"> (ANKSS) i<\/span><\/span><span style=\"color: #000000;\"><span lang=\"sh-YU\"> jedno je od udru\u017eenja koja su se u junu 2016. godine okupila u <\/span><\/span><span style=\"color: #000000;\"><span lang=\"sh-YU\"><i>Inicijativu<\/i><\/span><\/span> <span style=\"color: #000000;\"><span lang=\"sh-YU\"><i>Nezavisne kulturne scene Novog Sada<\/i><\/span><\/span><span style=\"color: #000000;\"><span lang=\"sh-YU\"> kako bi delovale u pravcu re\u0161avanja problema marginalizacije samo-organizovanih gra\u0111ana i pobolj\u0161anja uslova delovanja udru\u017eenja gra\u0111ana u oblasti kulture.<\/span><\/span><\/span><\/span><\/p>\n<p align=\"JUSTIFY\"><span style=\"color: #1d2129;\"><span style=\"font-family: Arial, sans-serif;\"><span style=\"font-size: medium;\"><span style=\"color: #000000;\"><span lang=\"sh-YU\">GKP se tako\u0111e bavi istra\u017eivanjem savremene politike i umetnosti, i izdava\u0161tvom koje je va\u017eno za mi\u0161ljenje i delanje Grupe, u okviru kojeg je sa francuskog na srpsko-hrvatski jezik prevedeno i objavljeno nekoliko naslova: \u201cAntropologija imena\u201d <strong>Silvena Lazarisa<\/strong> (Sylvain Lazarus) i \u201cTeorija subjekta\u201d <strong>Alena Badiua<\/strong> (Alain Badiou). GKP trenutno radi na prevodu \u201cCartographies schizoanalytiques\u201d (\u201eShizoanaliti\u010dke kartografije\u201c) <strong>Feliksa Gatarija<\/strong> (F\u00e9lix Guattari), koja treba da bude objavljena tokom 2018. godine.\u00a0<\/span><\/span><\/span><\/span><\/span><\/p>\n<p class=\"western\" lang=\"sr-RS\" style=\"text-align: center;\" align=\"left\"><b>Grupa za konceptualnu politiku<\/b><\/p>\n<p class=\"western\" lang=\"sr-RS\" style=\"text-align: center;\" align=\"left\">Bulevar Kralja Petra I 21<\/p>\n<p class=\"western\" lang=\"sr-RS\" style=\"text-align: center;\" align=\"left\">Novi Sad<\/p>\n<p class=\"western\" lang=\"sr-RS\" style=\"text-align: center;\" align=\"left\">tel. +381 (0)21 6333 013<\/p>\n<p class=\"western\" lang=\"sr-RS\" style=\"text-align: center;\" align=\"left\">e-mail: konceptualnapolitika(at)gmail.com<\/p>\n<p class=\"western\" lang=\"sr-RS\" style=\"text-align: center;\" align=\"left\">web:\u00a0<a href=\"http:\/\/biltenstanar.rs\/\" target=\"_blank\" rel=\"noopener\" data-saferedirecturl=\"https:\/\/www.google.com\/url?q=http:\/\/biltenstanar.rs&#038;source=gmail&#038;ust=1724493912782000&#038;usg=AOvVaw1GXGlxJLUXKlRT5UURvWcK\">biltenstanar.rs<\/a><\/p>\n","protected":false},"excerpt":{"rendered":"<p>Grupa za konceptualnu politiku (GKP) iz Novog Sada je nevladino udru\u017eenje osnovano radi ostvarivanja interesa u oblasti razvoja samoupravljanja, demokratije i nove politike udru\u017eenja gra\u0111ana u Srbiji i \u0161ire. GKP nastoji da aktuelizuje politiku samoupravljanja u smislu ohrabrenja gra\u0111ana na [&hellip;]<\/p>\n","protected":false},"author":1,"featured_media":0,"parent":0,"menu_order":0,"comment_status":"closed","ping_status":"closed","template":"full-width.php","meta":{"footnotes":""},"jetpack_sharing_enabled":true,"_links":{"self":[{"href":"https:\/\/gkp.org.rs\/fr\/wp-json\/wp\/v2\/pages\/813"}],"collection":[{"href":"https:\/\/gkp.org.rs\/fr\/wp-json\/wp\/v2\/pages"}],"about":[{"href":"https:\/\/gkp.org.rs\/fr\/wp-json\/wp\/v2\/types\/page"}],"author":[{"embeddable":true,"href":"https:\/\/gkp.org.rs\/fr\/wp-json\/wp\/v2\/users\/1"}],"replies":[{"embeddable":true,"href":"https:\/\/gkp.org.rs\/fr\/wp-json\/wp\/v2\/comments?post=813"}],"version-history":[{"count":2,"href":"https:\/\/gkp.org.rs\/fr\/wp-json\/wp\/v2\/pages\/813\/revisions"}],"predecessor-version":[{"id":3629,"href":"https:\/\/gkp.org.rs\/fr\/wp-json\/wp\/v2\/pages\/813\/revisions\/3629"}],"wp:attachment":[{"href":"https:\/\/gkp.org.rs\/fr\/wp-json\/wp\/v2\/media?parent=813"}],"curies":[{"name":"wp","href":"https:\/\/api.w.org\/{rel}","templated":true}]}}