{"id":1050,"date":"2017-12-09T15:05:50","date_gmt":"2017-12-09T15:05:50","guid":{"rendered":"https:\/\/gkp.org.rs\/?page_id=1050"},"modified":"2017-12-11T10:39:51","modified_gmt":"2017-12-11T10:39:51","slug":"radionice","status":"publish","type":"page","link":"https:\/\/gkp.org.rs\/en\/radionice\/","title":{"rendered":"Radionice"},"content":{"rendered":"<div id=\"pl-1050\"  class=\"panel-layout\" ><div id=\"pg-1050-0\"  class=\"panel-grid panel-no-style\" ><div id=\"pgc-1050-0-0\"  class=\"panel-grid-cell\" ><div id=\"panel-1050-0-0-0\" class=\"so-panel widget widget_category-posts cat-post-widget panel-first-child panel-last-child\" data-index=\"0\" ><ul id=\"category-posts-1-internal\" class=\"category-posts-internal\">\n<li class='cat-post-item'><a class=\"cat-post-everything-is-link\" href=\"https:\/\/gkp.org.rs\/en\/javna-predavanja\/video-stanar-organizacije-civilnog-drustva-izmedju-partija-vlasti-i-lokalnih-zajednica\/\" title=\"\"><div><span class=\"cat-post-title\">Video STANAR: Organizacije civilnog dru\u0161tva izme\u0111u partija, vlasti i lokalnih zajednica<\/span><\/div><div><span class=\"cat-post-thumbnail cat-post-white\"><span class=\"cat-post-crop cat-post-format cat-post-format-standard\"><img loading=\"lazy\" decoding=\"async\" width=\"150\" height=\"150\" src=\"https:\/\/gkp.org.rs\/wp-content\/uploads\/2023\/05\/vlcsnap-2023-05-15-13h16m40s585.png\" class=\"attachment- size- wp-post-image\" alt=\"\" data-cat-posts-width=\"150\" data-cat-posts-height=\"150\" srcset=\"https:\/\/gkp.org.rs\/wp-content\/uploads\/2023\/05\/vlcsnap-2023-05-15-13h16m40s585.png 1920w, https:\/\/gkp.org.rs\/wp-content\/uploads\/2023\/05\/vlcsnap-2023-05-15-13h16m40s585-300x169.png 300w, https:\/\/gkp.org.rs\/wp-content\/uploads\/2023\/05\/vlcsnap-2023-05-15-13h16m40s585-1024x576.png 1024w, https:\/\/gkp.org.rs\/wp-content\/uploads\/2023\/05\/vlcsnap-2023-05-15-13h16m40s585-768x432.png 768w, https:\/\/gkp.org.rs\/wp-content\/uploads\/2023\/05\/vlcsnap-2023-05-15-13h16m40s585-1536x864.png 1536w, https:\/\/gkp.org.rs\/wp-content\/uploads\/2023\/05\/vlcsnap-2023-05-15-13h16m40s585-1300x731.png 1300w\" sizes=\"(max-width: 150px) 100vw, 150px\" \/><\/span><\/span><\/div><\/a><\/li><li class='cat-post-item'><a class=\"cat-post-everything-is-link\" href=\"https:\/\/gkp.org.rs\/en\/preporucujemo\/emerging-communities-the-italian-network-of-alternative-projects-and-their-representation\/\" title=\"\"><div><span class=\"cat-post-title\">ERASMUS+ in Adult Education &#8211; Emerging Communities: the Italian network of alternative projects and their representation<\/span><\/div><div><span class=\"cat-post-thumbnail cat-post-white\"><span class=\"cat-post-crop cat-post-format cat-post-format-standard\"><img loading=\"lazy\" decoding=\"async\" width=\"150\" height=\"150\" src=\"https:\/\/gkp.org.rs\/wp-content\/uploads\/2023\/10\/Mantua.jpeg\" class=\"attachment- size- wp-post-image\" alt=\"\" data-cat-posts-width=\"150\" data-cat-posts-height=\"150\" srcset=\"https:\/\/gkp.org.rs\/wp-content\/uploads\/2023\/10\/Mantua.jpeg 882w, https:\/\/gkp.org.rs\/wp-content\/uploads\/2023\/10\/Mantua-300x225.jpeg 300w, https:\/\/gkp.org.rs\/wp-content\/uploads\/2023\/10\/Mantua-768x576.jpeg 768w\" sizes=\"(max-width: 150px) 100vw, 150px\" \/><\/span><\/span><\/div><\/a><\/li><li class='cat-post-item'><a class=\"cat-post-everything-is-link\" href=\"https:\/\/gkp.org.rs\/en\/javna-predavanja\/mreza-za-mir\/\" title=\"\"><div><span class=\"cat-post-title\">ERASMUS+ obrazovanje odraslih: O preno\u0161enju lokalnog znanja<\/span><\/div><div><span class=\"cat-post-thumbnail cat-post-white\"><span class=\"cat-post-crop cat-post-format cat-post-format-standard\"><img loading=\"lazy\" decoding=\"async\" width=\"150\" height=\"150\" src=\"https:\/\/gkp.org.rs\/wp-content\/uploads\/2022\/09\/EC-scaled.jpg\" class=\"attachment- size- wp-post-image\" alt=\"\" data-cat-posts-width=\"150\" data-cat-posts-height=\"150\" srcset=\"https:\/\/gkp.org.rs\/wp-content\/uploads\/2022\/09\/EC-scaled.jpg 1000w, https:\/\/gkp.org.rs\/wp-content\/uploads\/2022\/09\/EC-300x225.jpg 300w, https:\/\/gkp.org.rs\/wp-content\/uploads\/2022\/09\/EC-1024x769.jpg 1024w, https:\/\/gkp.org.rs\/wp-content\/uploads\/2022\/09\/EC-768x577.jpg 768w, https:\/\/gkp.org.rs\/wp-content\/uploads\/2022\/09\/EC-1536x1154.jpg 1536w, https:\/\/gkp.org.rs\/wp-content\/uploads\/2022\/09\/EC-2048x1538.jpg 2048w, https:\/\/gkp.org.rs\/wp-content\/uploads\/2022\/09\/EC-2000x1502.jpg 2000w, https:\/\/gkp.org.rs\/wp-content\/uploads\/2022\/09\/EC-1300x977.jpg 1300w\" sizes=\"(max-width: 150px) 100vw, 150px\" \/><\/span><\/span><\/div><\/a><\/li><li class='cat-post-item'><a class=\"cat-post-everything-is-link\" href=\"https:\/\/gkp.org.rs\/en\/preporucujemo\/komunitizam-atina-lokalna-zajednica-na-prvom-mestu\/\" title=\"\"><div><span class=\"cat-post-title\">ERASMUS+ obrazovanje odraslih: Komunitizam, Atina \u2013 lokalna zajednica na prvom mestu<\/span><\/div><div><span class=\"cat-post-thumbnail cat-post-white\"><span class=\"cat-post-crop cat-post-format cat-post-format-standard\"><img loading=\"lazy\" decoding=\"async\" width=\"150\" height=\"150\" src=\"https:\/\/gkp.org.rs\/wp-content\/uploads\/2022\/05\/IMG_20220329_121339-scaled.jpg\" class=\"attachment- size- wp-post-image\" alt=\"\" data-cat-posts-width=\"150\" data-cat-posts-height=\"150\" srcset=\"https:\/\/gkp.org.rs\/wp-content\/uploads\/2022\/05\/IMG_20220329_121339-scaled.jpg 1000w, https:\/\/gkp.org.rs\/wp-content\/uploads\/2022\/05\/IMG_20220329_121339-300x225.jpg 300w, https:\/\/gkp.org.rs\/wp-content\/uploads\/2022\/05\/IMG_20220329_121339-1024x768.jpg 1024w, https:\/\/gkp.org.rs\/wp-content\/uploads\/2022\/05\/IMG_20220329_121339-768x576.jpg 768w\" sizes=\"(max-width: 150px) 100vw, 150px\" \/><\/span><\/span><\/div><\/a><\/li><li class='cat-post-item'><a class=\"cat-post-everything-is-link\" href=\"https:\/\/gkp.org.rs\/en\/radionice\/sta-su-zajednice-u-nastajanju\/\" title=\"\"><div><span class=\"cat-post-title\">ERASMUS+ obrazovanje odraslih: Zajednice u nastajanju<\/span><\/div><div><span class=\"cat-post-thumbnail cat-post-white\"><span class=\"cat-post-crop cat-post-format cat-post-format-standard\"><img loading=\"lazy\" decoding=\"async\" width=\"150\" height=\"150\" src=\"https:\/\/gkp.org.rs\/wp-content\/uploads\/2022\/05\/DSC04085-scaled.jpg\" class=\"attachment- size- wp-post-image\" alt=\"\" data-cat-posts-width=\"150\" data-cat-posts-height=\"150\" srcset=\"https:\/\/gkp.org.rs\/wp-content\/uploads\/2022\/05\/DSC04085-scaled.jpg 1000w, https:\/\/gkp.org.rs\/wp-content\/uploads\/2022\/05\/DSC04085-300x200.jpg 300w, https:\/\/gkp.org.rs\/wp-content\/uploads\/2022\/05\/DSC04085-1024x683.jpg 1024w, https:\/\/gkp.org.rs\/wp-content\/uploads\/2022\/05\/DSC04085-768x512.jpg 768w, https:\/\/gkp.org.rs\/wp-content\/uploads\/2022\/05\/DSC04085-450x300.jpg 450w, https:\/\/gkp.org.rs\/wp-content\/uploads\/2022\/05\/DSC04085-1300x867.jpg 1300w, https:\/\/gkp.org.rs\/wp-content\/uploads\/2022\/05\/DSC04085-272x182.jpg 272w\" sizes=\"(max-width: 150px) 100vw, 150px\" \/><\/span><\/span><\/div><\/a><\/li><li class='cat-post-item'><a class=\"cat-post-everything-is-link\" href=\"https:\/\/gkp.org.rs\/en\/intervjuiradioemisije\/video-genealogija-politickih-platformi-teo-celakoski-zagreb-je-nas-i-mozemo\/\" title=\"\"><div><span class=\"cat-post-title\">VIDEO: Genealogija politi\u010dkih platformi \u2013 Teo Celakoski \u2013 Zagreb je na\u0161! i Mo\u017eemo!<\/span><\/div><div><span class=\"cat-post-thumbnail cat-post-white\"><span class=\"cat-post-crop cat-post-format cat-post-format-standard\"><img loading=\"lazy\" decoding=\"async\" width=\"150\" height=\"150\" src=\"https:\/\/gkp.org.rs\/wp-content\/uploads\/2020\/07\/teo1.png\" class=\"attachment- size- wp-post-image\" alt=\"\" data-cat-posts-width=\"150\" data-cat-posts-height=\"150\" srcset=\"https:\/\/gkp.org.rs\/wp-content\/uploads\/2020\/07\/teo1.png 1000w, https:\/\/gkp.org.rs\/wp-content\/uploads\/2020\/07\/teo1-300x169.png 300w, https:\/\/gkp.org.rs\/wp-content\/uploads\/2020\/07\/teo1-768x432.png 768w, https:\/\/gkp.org.rs\/wp-content\/uploads\/2020\/07\/teo1-1024x576.png 1024w\" sizes=\"(max-width: 150px) 100vw, 150px\" \/><\/span><\/span><\/div><\/a><\/li><li class='cat-post-item'><a class=\"cat-post-everything-is-link\" href=\"https:\/\/gkp.org.rs\/en\/preporucujemo\/izvestaj-community-building-mitrovica-u-novom-sadu\/\" title=\"\"><div><span class=\"cat-post-title\">IZVE\u0160TAJ: Community Building Mitrovica u Novom Sadu<\/span><\/div><div><span class=\"cat-post-thumbnail cat-post-white\"><span class=\"cat-post-crop cat-post-format cat-post-format-standard\"><img loading=\"lazy\" decoding=\"async\" width=\"150\" height=\"150\" src=\"https:\/\/gkp.org.rs\/wp-content\/uploads\/2020\/01\/vlcsnap-2020-01-21-21h49m47s238.png\" class=\"attachment- size- wp-post-image\" alt=\"\" data-cat-posts-width=\"150\" data-cat-posts-height=\"150\" srcset=\"https:\/\/gkp.org.rs\/wp-content\/uploads\/2020\/01\/vlcsnap-2020-01-21-21h49m47s238.png 996w, https:\/\/gkp.org.rs\/wp-content\/uploads\/2020\/01\/vlcsnap-2020-01-21-21h49m47s238-300x169.png 300w, https:\/\/gkp.org.rs\/wp-content\/uploads\/2020\/01\/vlcsnap-2020-01-21-21h49m47s238-768x432.png 768w\" sizes=\"(max-width: 150px) 100vw, 150px\" \/><\/span><\/span><\/div><\/a><\/li><li class='cat-post-item'><a class=\"cat-post-everything-is-link\" href=\"https:\/\/gkp.org.rs\/en\/javna-predavanja\/izgradnja-zajednice-na-kosovu-i-u-vojvodini-radionica-i-razgovor\/\" title=\"\"><div><span class=\"cat-post-title\">IZGRADNJA ZAJEDNICE NA KOSOVU I U VOJVODINI, radionica i razgovor<\/span><\/div><div><span class=\"cat-post-thumbnail cat-post-white\"><span class=\"cat-post-crop cat-post-format cat-post-format-standard\"><img loading=\"lazy\" decoding=\"async\" width=\"150\" height=\"150\" src=\"https:\/\/gkp.org.rs\/wp-content\/uploads\/2020\/01\/Radionica-GKP-CBM-baner.jpg\" class=\"attachment- size- wp-post-image\" alt=\"\" data-cat-posts-width=\"150\" data-cat-posts-height=\"150\" srcset=\"https:\/\/gkp.org.rs\/wp-content\/uploads\/2020\/01\/Radionica-GKP-CBM-baner.jpg 1000w, https:\/\/gkp.org.rs\/wp-content\/uploads\/2020\/01\/Radionica-GKP-CBM-baner-300x231.jpg 300w, https:\/\/gkp.org.rs\/wp-content\/uploads\/2020\/01\/Radionica-GKP-CBM-baner-768x591.jpg 768w, https:\/\/gkp.org.rs\/wp-content\/uploads\/2020\/01\/Radionica-GKP-CBM-baner-1024x788.jpg 1024w, https:\/\/gkp.org.rs\/wp-content\/uploads\/2020\/01\/Radionica-GKP-CBM-baner-2000x1538.jpg 2000w, https:\/\/gkp.org.rs\/wp-content\/uploads\/2020\/01\/Radionica-GKP-CBM-baner-1300x1000.jpg 1300w\" sizes=\"(max-width: 150px) 100vw, 150px\" \/><\/span><\/span><\/div><\/a><\/li><li class='cat-post-item'><a class=\"cat-post-everything-is-link\" href=\"https:\/\/gkp.org.rs\/en\/preporucujemo\/zagreb-je-nas-ucesce-u-lokalnoj-i-mesnoj-samoupravi-javna-tribina-u-gkp\/\" title=\"\"><div><span class=\"cat-post-title\">ZAGREB JE NA\u0160! \u2013 U\u010cE\u0160\u0106E U LOKALNOJ I MESNOJ SAMOUPRAVI, javna tribina u GKP<\/span><\/div><div><span class=\"cat-post-thumbnail cat-post-white\"><span class=\"cat-post-crop cat-post-format cat-post-format-standard\"><img loading=\"lazy\" decoding=\"async\" width=\"150\" height=\"150\" src=\"https:\/\/gkp.org.rs\/wp-content\/uploads\/2019\/12\/zbanerpl-m.jpg\" class=\"attachment- size- wp-post-image\" alt=\"\" data-cat-posts-width=\"150\" data-cat-posts-height=\"150\" srcset=\"https:\/\/gkp.org.rs\/wp-content\/uploads\/2019\/12\/zbanerpl-m.jpg 1000w, https:\/\/gkp.org.rs\/wp-content\/uploads\/2019\/12\/zbanerpl-m-300x159.jpg 300w, https:\/\/gkp.org.rs\/wp-content\/uploads\/2019\/12\/zbanerpl-m-768x408.jpg 768w, https:\/\/gkp.org.rs\/wp-content\/uploads\/2019\/12\/zbanerpl-m-1024x544.jpg 1024w, https:\/\/gkp.org.rs\/wp-content\/uploads\/2019\/12\/zbanerpl-m-2000x1062.jpg 2000w, https:\/\/gkp.org.rs\/wp-content\/uploads\/2019\/12\/zbanerpl-m-1300x691.jpg 1300w\" sizes=\"(max-width: 150px) 100vw, 150px\" \/><\/span><\/span><\/div><\/a><\/li><li class='cat-post-item'><a class=\"cat-post-everything-is-link\" href=\"https:\/\/gkp.org.rs\/en\/lokalne-politike-i-urbana-samouprava\/radionica-gradjanskim-inicijativama-do-mesnih-zajednica\/\" title=\"\"><div><span class=\"cat-post-title\">RADIONICA \u201eGRA\u0110ANSKIM INICIJATIVAMA DO MESNIH ZAJEDNICA\u201c<\/span><\/div><div><span class=\"cat-post-thumbnail cat-post-white\"><span class=\"cat-post-crop cat-post-format cat-post-format-standard\"><img loading=\"lazy\" decoding=\"async\" width=\"150\" height=\"150\" src=\"https:\/\/gkp.org.rs\/wp-content\/uploads\/2019\/10\/gib2.jpg\" class=\"attachment- size- wp-post-image\" alt=\"\" data-cat-posts-width=\"150\" data-cat-posts-height=\"150\" srcset=\"https:\/\/gkp.org.rs\/wp-content\/uploads\/2019\/10\/gib2.jpg 1000w, https:\/\/gkp.org.rs\/wp-content\/uploads\/2019\/10\/gib2-300x231.jpg 300w, https:\/\/gkp.org.rs\/wp-content\/uploads\/2019\/10\/gib2-768x591.jpg 768w, https:\/\/gkp.org.rs\/wp-content\/uploads\/2019\/10\/gib2-1024x788.jpg 1024w, https:\/\/gkp.org.rs\/wp-content\/uploads\/2019\/10\/gib2-2000x1538.jpg 2000w, https:\/\/gkp.org.rs\/wp-content\/uploads\/2019\/10\/gib2-1300x1000.jpg 1300w\" sizes=\"(max-width: 150px) 100vw, 150px\" \/><\/span><\/span><\/div><\/a><\/li><li class='cat-post-item'><a class=\"cat-post-everything-is-link\" href=\"https:\/\/gkp.org.rs\/en\/lokalne-politike-i-urbana-samouprava\/razgovori-sa-francuskim-politickim-aktivistom-i-antropologom-silvenom-lazarisom-o-politickom-kapacitetu-organizovanih-ljudi\/\" title=\"\"><div><span class=\"cat-post-title\">Razgovori sa francuskim politi\u010dkim aktivistom i antropologom Silvenom Lazarisom:\u00a0O politi\u010dkom kapacitetu organizovanih ljudi<\/span><\/div><div><span class=\"cat-post-thumbnail cat-post-white\"><span class=\"cat-post-crop cat-post-format cat-post-format-standard\"><img loading=\"lazy\" decoding=\"async\" width=\"150\" height=\"150\" src=\"https:\/\/gkp.org.rs\/wp-content\/uploads\/2018\/03\/IMG_5181.jpg\" class=\"attachment- size- wp-post-image\" alt=\"\" data-cat-posts-width=\"150\" data-cat-posts-height=\"150\" srcset=\"https:\/\/gkp.org.rs\/wp-content\/uploads\/2018\/03\/IMG_5181.jpg 1000w, https:\/\/gkp.org.rs\/wp-content\/uploads\/2018\/03\/IMG_5181-300x200.jpg 300w, https:\/\/gkp.org.rs\/wp-content\/uploads\/2018\/03\/IMG_5181-768x512.jpg 768w, https:\/\/gkp.org.rs\/wp-content\/uploads\/2018\/03\/IMG_5181-1024x683.jpg 1024w, https:\/\/gkp.org.rs\/wp-content\/uploads\/2018\/03\/IMG_5181-2000x1333.jpg 2000w, https:\/\/gkp.org.rs\/wp-content\/uploads\/2018\/03\/IMG_5181-450x300.jpg 450w, https:\/\/gkp.org.rs\/wp-content\/uploads\/2018\/03\/IMG_5181-1300x867.jpg 1300w, https:\/\/gkp.org.rs\/wp-content\/uploads\/2018\/03\/IMG_5181-272x182.jpg 272w\" sizes=\"(max-width: 150px) 100vw, 150px\" \/><\/span><\/span><\/div><\/a><\/li><li class='cat-post-item'><a class=\"cat-post-everything-is-link\" href=\"https:\/\/gkp.org.rs\/en\/tekstovi\/raditi-s-ljudima-znaci-raditi-sa-onima-koji-imaju-odmak-od-struktura-vlasti-partija-i-korupcije\/\" title=\"\"><div><span class=\"cat-post-title\">Raditi s ljudima zna\u010di raditi sa onima koji imaju odmak od struktura, vlasti, partij\u00e2 i korupcije<\/span><\/div><div><span class=\"cat-post-thumbnail cat-post-white\"><span class=\"cat-post-crop cat-post-format cat-post-format-standard\"><img loading=\"lazy\" decoding=\"async\" width=\"150\" height=\"150\" src=\"https:\/\/gkp.org.rs\/wp-content\/uploads\/2017\/12\/1.-Glavna-fotka-5.jpg\" class=\"attachment- size- wp-post-image\" alt=\"\" data-cat-posts-width=\"150\" data-cat-posts-height=\"150\" srcset=\"https:\/\/gkp.org.rs\/wp-content\/uploads\/2017\/12\/1.-Glavna-fotka-5.jpg 1000w, https:\/\/gkp.org.rs\/wp-content\/uploads\/2017\/12\/1.-Glavna-fotka-5-300x225.jpg 300w, https:\/\/gkp.org.rs\/wp-content\/uploads\/2017\/12\/1.-Glavna-fotka-5-768x576.jpg 768w, https:\/\/gkp.org.rs\/wp-content\/uploads\/2017\/12\/1.-Glavna-fotka-5-1024x768.jpg 1024w, https:\/\/gkp.org.rs\/wp-content\/uploads\/2017\/12\/1.-Glavna-fotka-5-2000x1500.jpg 2000w, https:\/\/gkp.org.rs\/wp-content\/uploads\/2017\/12\/1.-Glavna-fotka-5-1300x975.jpg 1300w\" sizes=\"(max-width: 150px) 100vw, 150px\" \/><\/span><\/span><\/div><\/a><\/li><li class='cat-post-item'><a class=\"cat-post-everything-is-link\" href=\"https:\/\/gkp.org.rs\/en\/tekstovi\/stvari-ne-pocinju-prostim-odbijanjem-vec-odlukom-da-se-s-ljudima-radi-na-necemu\/\" title=\"\"><div><span class=\"cat-post-title\">Stvari ne po\u010dinju prostim odbijanjem, ve\u0107 odlukom da se s ljudima radi na ne\u010demu<\/span><\/div><div><span class=\"cat-post-thumbnail cat-post-white\"><span class=\"cat-post-crop cat-post-format cat-post-format-standard\"><img loading=\"lazy\" decoding=\"async\" width=\"150\" height=\"150\" src=\"https:\/\/gkp.org.rs\/wp-content\/uploads\/2017\/12\/1.-Glavna-fotka-4.jpg\" class=\"attachment- size- wp-post-image\" alt=\"\" data-cat-posts-width=\"150\" data-cat-posts-height=\"150\" srcset=\"https:\/\/gkp.org.rs\/wp-content\/uploads\/2017\/12\/1.-Glavna-fotka-4.jpg 1000w, https:\/\/gkp.org.rs\/wp-content\/uploads\/2017\/12\/1.-Glavna-fotka-4-300x225.jpg 300w, https:\/\/gkp.org.rs\/wp-content\/uploads\/2017\/12\/1.-Glavna-fotka-4-768x576.jpg 768w, https:\/\/gkp.org.rs\/wp-content\/uploads\/2017\/12\/1.-Glavna-fotka-4-1024x768.jpg 1024w, https:\/\/gkp.org.rs\/wp-content\/uploads\/2017\/12\/1.-Glavna-fotka-4-2000x1500.jpg 2000w, https:\/\/gkp.org.rs\/wp-content\/uploads\/2017\/12\/1.-Glavna-fotka-4-1300x975.jpg 1300w\" sizes=\"(max-width: 150px) 100vw, 150px\" \/><\/span><\/span><\/div><\/a><\/li><li class='cat-post-item'><a class=\"cat-post-everything-is-link\" href=\"https:\/\/gkp.org.rs\/en\/lokalne-politike-i-urbana-samouprava\/sta-su-mesne-zajednice\/\" title=\"\"><div><span class=\"cat-post-title\">\u0160ta su mesne zajednice?<\/span><\/div><div><span class=\"cat-post-thumbnail cat-post-white\"><span class=\"cat-post-crop cat-post-format cat-post-format-standard\"><img loading=\"lazy\" decoding=\"async\" width=\"150\" height=\"150\" src=\"https:\/\/gkp.org.rs\/wp-content\/uploads\/2017\/12\/IMG_5915.jpg\" class=\"attachment- size- wp-post-image\" alt=\"\" data-cat-posts-width=\"150\" data-cat-posts-height=\"150\" srcset=\"https:\/\/gkp.org.rs\/wp-content\/uploads\/2017\/12\/IMG_5915.jpg 1000w, https:\/\/gkp.org.rs\/wp-content\/uploads\/2017\/12\/IMG_5915-300x225.jpg 300w, https:\/\/gkp.org.rs\/wp-content\/uploads\/2017\/12\/IMG_5915-768x576.jpg 768w, https:\/\/gkp.org.rs\/wp-content\/uploads\/2017\/12\/IMG_5915-1024x768.jpg 1024w, https:\/\/gkp.org.rs\/wp-content\/uploads\/2017\/12\/IMG_5915-2000x1500.jpg 2000w, https:\/\/gkp.org.rs\/wp-content\/uploads\/2017\/12\/IMG_5915-1300x975.jpg 1300w\" sizes=\"(max-width: 150px) 100vw, 150px\" \/><\/span><\/span><\/div><\/a><\/li><li class='cat-post-item'><a class=\"cat-post-everything-is-link\" href=\"https:\/\/gkp.org.rs\/en\/lokalne-politike-i-urbana-samouprava\/radionice-o-nadogradnjama-zgrada-sa-arhitektom-lazarom-kuzmanovim\/\" title=\"\"><div><span class=\"cat-post-title\">Radionice o nadogradnjama zgrada sa arhitektom Lazarom Kuzmanovim<\/span><\/div><div><span class=\"cat-post-thumbnail cat-post-white\"><span class=\"cat-post-crop cat-post-format cat-post-format-standard\"><img loading=\"lazy\" decoding=\"async\" width=\"150\" height=\"150\" src=\"https:\/\/gkp.org.rs\/wp-content\/uploads\/2013\/12\/Radionica-o-nadogradnjama.jpg\" class=\"attachment- size- wp-post-image\" alt=\"\" data-cat-posts-width=\"150\" data-cat-posts-height=\"150\" srcset=\"https:\/\/gkp.org.rs\/wp-content\/uploads\/2013\/12\/Radionica-o-nadogradnjama.jpg 1000w, https:\/\/gkp.org.rs\/wp-content\/uploads\/2013\/12\/Radionica-o-nadogradnjama-300x225.jpg 300w, https:\/\/gkp.org.rs\/wp-content\/uploads\/2013\/12\/Radionica-o-nadogradnjama-768x576.jpg 768w, https:\/\/gkp.org.rs\/wp-content\/uploads\/2013\/12\/Radionica-o-nadogradnjama-1024x768.jpg 1024w, https:\/\/gkp.org.rs\/wp-content\/uploads\/2013\/12\/Radionica-o-nadogradnjama-2000x1500.jpg 2000w, https:\/\/gkp.org.rs\/wp-content\/uploads\/2013\/12\/Radionica-o-nadogradnjama-1300x975.jpg 1300w\" sizes=\"(max-width: 150px) 100vw, 150px\" \/><\/span><\/span><\/div><\/a><\/li><\/ul>\n<\/div><\/div><\/div><\/div>","protected":false},"excerpt":{"rendered":"<p>Radionicu odr\u017eanu 17. decembra 2013. vodio je Lazar Kuzmanov, predsednik skup\u0161tine stanara, arhitekta i bivi\u0161i pokrajinski sekretar za urbanizam. Svojevremeno predsednik dru\u0161tva arhitekata (DANS), a danas vlasnik biroa \u201cKuzmanov and Partners\u201d. Razgovaralo se i raspravljalo o urbanisti\u010dkim i arhitektonskim standardima [&hellip;]<\/p>\n","protected":false},"author":1,"featured_media":0,"parent":0,"menu_order":0,"comment_status":"closed","ping_status":"closed","template":"full-width.php","meta":{"footnotes":""},"jetpack_sharing_enabled":true,"_links":{"self":[{"href":"https:\/\/gkp.org.rs\/en\/wp-json\/wp\/v2\/pages\/1050"}],"collection":[{"href":"https:\/\/gkp.org.rs\/en\/wp-json\/wp\/v2\/pages"}],"about":[{"href":"https:\/\/gkp.org.rs\/en\/wp-json\/wp\/v2\/types\/page"}],"author":[{"embeddable":true,"href":"https:\/\/gkp.org.rs\/en\/wp-json\/wp\/v2\/users\/1"}],"replies":[{"embeddable":true,"href":"https:\/\/gkp.org.rs\/en\/wp-json\/wp\/v2\/comments?post=1050"}],"version-history":[{"count":0,"href":"https:\/\/gkp.org.rs\/en\/wp-json\/wp\/v2\/pages\/1050\/revisions"}],"wp:attachment":[{"href":"https:\/\/gkp.org.rs\/en\/wp-json\/wp\/v2\/media?parent=1050"}],"curies":[{"name":"wp","href":"https:\/\/api.w.org\/{rel}","templated":true}]}}